{"id":161490,"date":"2024-04-02T10:40:38","date_gmt":"2024-04-02T08:40:38","guid":{"rendered":"https:\/\/spc-tooling.ch\/intrepid?page_id=161490"},"modified":"2026-04-27T11:07:25","modified_gmt":"2026-04-27T09:07:25","slug":"katalog","status":"publish","type":"page","link":"https:\/\/spc-tooling.ch\/de\/katalog\/","title":{"rendered":"Katalog"},"content":{"rendered":"<p>[et_pb_section fb_built=&#8220;1&#8243; _builder_version=&#8220;4.27.6&#8243; _module_preset=&#8220;default&#8220; width=&#8220;100%&#8220; module_alignment=&#8220;center&#8220; custom_margin=&#8220;0vh||1vh||false|false&#8220; custom_padding=&#8220;0px||0px||true|&#8220; global_colors_info=&#8220;{}&#8220;][et_pb_row _builder_version=&#8220;4.27.6&#8243; _module_preset=&#8220;default&#8220; background_image=&#8220;https:\/\/spc-tooling.ch\/wp-content\/uploads\/2024\/03\/spc_slide01.jpg&#8220; background_enable_video_mp4=&#8220;off&#8220; width=&#8220;99%&#8220; max_width=&#8220;2560px&#8220; module_alignment=&#8220;center&#8220; custom_margin=&#8220;|auto||6px||&#8220; custom_padding=&#8220;0px||0px||true|&#8220; border_radii=&#8220;on|45px|45px|45px|45px&#8220; border_width_all=&#8220;3px&#8220; border_color_all=&#8220;#21c9e2&#8243; global_colors_info=&#8220;{}&#8220;][et_pb_column type=&#8220;4_4&#8243; _builder_version=&#8220;4.27.6&#8243; _module_preset=&#8220;default&#8220; global_colors_info=&#8220;{}&#8220;][et_pb_text _builder_version=&#8220;4.27.6&#8243; _module_preset=&#8220;default&#8220; text_font=&#8220;-et_global_body_font||||||||&#8220; text_text_color=&#8220;#FFFFFF&#8220; text_font_size=&#8220;20px&#8220; header_font=&#8220;-et_global_body_font|800|||||||&#8220; header_text_color=&#8220;#FFFFFF&#8220; header_font_size=&#8220;45px&#8220; header_2_font=&#8220;-et_global_body_font|600|||||||&#8220; header_2_text_color=&#8220;#FFFFFF&#8220; width=&#8220;60%&#8220; width_tablet=&#8220;100%&#8220; width_phone=&#8220;98%&#8220; width_last_edited=&#8220;on|phone&#8220; custom_padding=&#8220;20vh|||4vw|false|false&#8220; custom_padding_tablet=&#8220;7vh|3vw||3vw|false|true&#8220; custom_padding_phone=&#8220;6vh|3vw||3vw|false|true&#8220; custom_padding_last_edited=&#8220;on|phone&#8220; text_font_size_tablet=&#8220;20px&#8220; text_font_size_phone=&#8220;18px&#8220; text_font_size_last_edited=&#8220;on|phone&#8220; header_font_size_tablet=&#8220;40px&#8220; header_font_size_phone=&#8220;35px&#8220; header_font_size_last_edited=&#8220;on|desktop&#8220; global_colors_info=&#8220;{}&#8220;]<\/p>\n<h2 class=\"headline\">SPC <span style=\"color: #21c9e2;\">TOOLING<\/span> Ihr ESCOMATIC\u00ae-Spezialist<\/h2>\n<h1 class=\"headline\">Katalog<\/h1>\n<p class=\"headline\">\n<p>[\/et_pb_text][et_pb_button button_url=&#8220;@ET-DC@eyJkeW5hbWljIjp0cnVlLCJjb250ZW50IjoicG9zdF9saW5rX3VybF9wYWdlIiwic2V0dGluZ3MiOnsicG9zdF9pZCI6IjI4OTEwIn19@&#8220; button_text=&#8220;Mit einem ESCOMATIC\u00ae-Experten sprechen&#8220; button_alignment_tablet=&#8220;&#8220; button_alignment_phone=&#8220;center&#8220; button_alignment_last_edited=&#8220;on|phone&#8220; _builder_version=&#8220;4.27.6&#8243; _dynamic_attributes=&#8220;button_url&#8220; _module_preset=&#8220;default&#8220; custom_button=&#8220;on&#8220; button_text_size=&#8220;20px&#8220; button_text_color=&#8220;#FFFFFF&#8220; button_border_width=&#8220;2px&#8220; button_border_color=&#8220;#FFFFFF&#8220; button_border_radius=&#8220;10px&#8220; button_font=&#8220;-et_global_body_font||||||||&#8220; button_use_icon=&#8220;off&#8220; custom_margin=&#8220;||18vh|4vw|false|false&#8220; custom_margin_tablet=&#8220;||5vh|3vw|false|false&#8220; custom_margin_phone=&#8220;||4vh||false|false&#8220; custom_margin_last_edited=&#8220;on|phone&#8220; custom_padding=&#8220;1vh|1vw|1vh|1vw|true|true&#8220; button_text_size_tablet=&#8220;20px&#8220; button_text_size_phone=&#8220;18px&#8220; button_text_size_last_edited=&#8220;on|phone&#8220; global_colors_info=&#8220;{}&#8220;][\/et_pb_button][\/et_pb_column][\/et_pb_row][\/et_pb_section][et_pb_section fb_built=&#8220;1&#8243; _builder_version=&#8220;4.24.3&#8243; _module_preset=&#8220;default&#8220; background_color=&#8220;gcid-c2a252dc-261b-4546-bab2-375d35450de7&#8243; custom_padding=&#8220;0px||0px||false|false&#8220; global_colors_info=&#8220;{%22gcid-c2a252dc-261b-4546-bab2-375d35450de7%22:%91%22background_color%22%93}&#8220;][et_pb_row make_equal=&#8220;on&#8220; module_id=&#8220;CalculationDeCames&#8220; _builder_version=&#8220;4.24.3&#8243; _module_preset=&#8220;default&#8220; width=&#8220;90%&#8220; max_width=&#8220;2560px&#8220; custom_margin=&#8220;||||false|false&#8220; custom_padding=&#8220;5vh||||false|false&#8220; global_colors_info=&#8220;{}&#8220;][et_pb_column type=&#8220;4_4&#8243; _builder_version=&#8220;4.24.2&#8243; _module_preset=&#8220;default&#8220; global_colors_info=&#8220;{}&#8220;][et_pb_text _builder_version=&#8220;4.25.1&#8243; _module_preset=&#8220;default&#8220; header_2_text_color=&#8220;gcid-bb618859-84de-48a3-a687-ef2d311f9e82&#8243; header_2_font_size=&#8220;25px&#8220; custom_margin=&#8220;||7px||false|false&#8220; global_colors_info=&#8220;{%22gcid-bb618859-84de-48a3-a687-ef2d311f9e82%22:%91%22header_2_text_color%22%93}&#8220;]<\/p>\n<h2 style=\"text-align: center;\"><span>Verf\u00fcgbar in <\/span><strong>4 Sprachen<\/strong><\/h2>\n<p>[\/et_pb_text][et_pb_divider color=&#8220;gcid-bb618859-84de-48a3-a687-ef2d311f9e82&#8243; divider_weight=&#8220;5px&#8220; _builder_version=&#8220;4.25.1&#8243; _module_preset=&#8220;default&#8220; width=&#8220;6%&#8220; width_tablet=&#8220;6%&#8220; width_phone=&#8220;35%&#8220; width_last_edited=&#8220;on|phone&#8220; custom_margin=&#8220;|||42%|false|false&#8220; module_alignment_tablet=&#8220;&#8220; module_alignment_phone=&#8220;left&#8220; module_alignment_last_edited=&#8220;on|phone&#8220; global_colors_info=&#8220;{%22gcid-bb618859-84de-48a3-a687-ef2d311f9e82%22:%91%22color%22%93}&#8220;][\/et_pb_divider][\/et_pb_column][\/et_pb_row][et_pb_row column_structure=&#8220;1_4,1_4,1_4,1_4&#8243; _builder_version=&#8220;4.24.3&#8243; _module_preset=&#8220;default&#8220; max_width=&#8220;2560px&#8220; custom_padding=&#8220;0px||0px||false|false&#8220; global_colors_info=&#8220;{}&#8220;][et_pb_column type=&#8220;1_4&#8243; _builder_version=&#8220;4.24.3&#8243; _module_preset=&#8220;default&#8220; global_colors_info=&#8220;{}&#8220;][et_pb_text _builder_version=&#8220;4.25.1&#8243; _module_preset=&#8220;default&#8220; header_3_font_size=&#8220;21px&#8220; custom_margin=&#8220;||2vh||false|false&#8220; hover_enabled=&#8220;0&#8243; global_colors_info=&#8220;{}&#8220; sticky_enabled=&#8220;0&#8243;]<\/p>\n<h3 style=\"text-align: right;\"><span class=\"lead\">Franz\u00f6sisch<\/span><\/h3>\n<p style=\"text-align: right;\"><span>Laden Sie unseren Katalog auf Franz\u00f6sisch herunter.<\/span><\/p>\n<p>[\/et_pb_text][et_pb_button button_url=&#8220;https:\/\/spc-tooling.ch\/wp-content\/uploads\/2026\/04\/05.Catalogue-2026.pdf&#8220; url_new_window=&#8220;on&#8220; button_text=&#8220;Herunterladen&#8220; button_alignment=&#8220;right&#8220; _builder_version=&#8220;4.27.6&#8243; _module_preset=&#8220;default&#8220; custom_button=&#8220;on&#8220; button_text_size=&#8220;14px&#8220; button_text_color=&#8220;gcid-7aad5963-390c-432d-b89e-f55a43ca9af4&#8243; button_bg_color=&#8220;#FFFFFF&#8220; button_border_width=&#8220;1px&#8220; button_border_color=&#8220;gcid-7aad5963-390c-432d-b89e-f55a43ca9af4&#8243; custom_padding=&#8220;9px|30px|9px|30px|true|true&#8220; hover_enabled=&#8220;0&#8243; global_colors_info=&#8220;{%22gcid-7aad5963-390c-432d-b89e-f55a43ca9af4%22:%91%22button_text_color%22,%22button_border_color%22%93}&#8220; sticky_enabled=&#8220;0&#8243;][\/et_pb_button][\/et_pb_column][et_pb_column type=&#8220;1_4&#8243; _builder_version=&#8220;4.24.3&#8243; _module_preset=&#8220;default&#8220; global_colors_info=&#8220;{}&#8220;][et_pb_image src=&#8220;https:\/\/spc-tooling.ch\/wp-content\/uploads\/2024\/03\/brochure-fr-cover.png&#8220; title_text=&#8220;brochure-fr-cover&#8220; url=&#8220;https:\/\/spc-tooling.ch\/wp-content\/uploads\/2026\/04\/05.Catalogue-2026.pdf&#8220; url_new_window=&#8220;on&#8220; _builder_version=&#8220;4.27.6&#8243; _module_preset=&#8220;default&#8220; hover_enabled=&#8220;0&#8243; global_colors_info=&#8220;{}&#8220; sticky_enabled=&#8220;0&#8243;][\/et_pb_image][\/et_pb_column][et_pb_column type=&#8220;1_4&#8243; _builder_version=&#8220;4.24.3&#8243; _module_preset=&#8220;default&#8220; global_colors_info=&#8220;{}&#8220;][et_pb_image src=&#8220;https:\/\/spc-tooling.ch\/wp-content\/uploads\/2024\/03\/brochure-de-cover.png&#8220; title_text=&#8220;brochure-de-cover&#8220; url=&#8220;https:\/\/spc-tooling.ch\/wp-content\/uploads\/2026\/04\/06.Katalog-2026.pdf&#8220; url_new_window=&#8220;on&#8220; _builder_version=&#8220;4.27.6&#8243; _module_preset=&#8220;default&#8220; hover_enabled=&#8220;0&#8243; global_colors_info=&#8220;{}&#8220; sticky_enabled=&#8220;0&#8243;][\/et_pb_image][\/et_pb_column][et_pb_column type=&#8220;1_4&#8243; _builder_version=&#8220;4.24.3&#8243; _module_preset=&#8220;default&#8220; global_colors_info=&#8220;{}&#8220;][et_pb_text _builder_version=&#8220;4.25.1&#8243; _module_preset=&#8220;default&#8220; header_3_font_size=&#8220;21px&#8220; custom_margin=&#8220;||2vh||false|false&#8220; locked=&#8220;off&#8220; global_colors_info=&#8220;{}&#8220;]<\/p>\n<h3 style=\"text-align: left;\"><span class=\"lead\">Deutsch<\/span><\/h3>\n<p style=\"text-align: left;\"><span>Laden Sie unseren Katalog auf Deutsch herunter.<\/span><\/p>\n<p>[\/et_pb_text][et_pb_button button_url=&#8220;https:\/\/spc-tooling.ch\/wp-content\/uploads\/2026\/04\/06.Katalog-2026.pdf&#8220; url_new_window=&#8220;on&#8220; button_text=&#8220;Herunterladen&#8220; button_alignment=&#8220;left&#8220; _builder_version=&#8220;4.27.6&#8243; _module_preset=&#8220;default&#8220; custom_button=&#8220;on&#8220; button_text_size=&#8220;14px&#8220; button_text_color=&#8220;gcid-7aad5963-390c-432d-b89e-f55a43ca9af4&#8243; button_bg_color=&#8220;#FFFFFF&#8220; button_border_width=&#8220;1px&#8220; button_border_color=&#8220;gcid-7aad5963-390c-432d-b89e-f55a43ca9af4&#8243; custom_padding=&#8220;9px|30px|9px|30px|true|true&#8220; hover_enabled=&#8220;0&#8243; locked=&#8220;off&#8220; global_colors_info=&#8220;{%22gcid-7aad5963-390c-432d-b89e-f55a43ca9af4%22:%91%22button_text_color%22,%22button_border_color%22%93}&#8220; sticky_enabled=&#8220;0&#8243;][\/et_pb_button][\/et_pb_column][\/et_pb_row][et_pb_row column_structure=&#8220;1_4,1_4,1_4,1_4&#8243; _builder_version=&#8220;4.25.1&#8243; _module_preset=&#8220;default&#8220; max_width=&#8220;2560px&#8220; custom_margin_tablet=&#8220;&#8220; custom_margin_phone=&#8220;10vh||0vh||false|false&#8220; custom_margin_last_edited=&#8220;on|phone&#8220; custom_padding=&#8220;0px||0px||false|false&#8220; global_colors_info=&#8220;{}&#8220;][et_pb_column type=&#8220;1_4&#8243; _builder_version=&#8220;4.24.3&#8243; _module_preset=&#8220;default&#8220; global_colors_info=&#8220;{}&#8220;][et_pb_text _builder_version=&#8220;4.24.3&#8243; _module_preset=&#8220;default&#8220; header_3_font_size=&#8220;21px&#8220; custom_margin=&#8220;||2vh||false|false&#8220; global_colors_info=&#8220;{}&#8220;]<\/p>\n<h3 style=\"text-align: right;\"><span class=\"lead\">Englisch<\/span><\/h3>\n<p style=\"text-align: right;\"><span>Laden Sie unseren Katalog auf Englisch herunter.<\/span><\/p>\n<p>[\/et_pb_text][et_pb_button button_url=&#8220;https:\/\/spc-tooling.ch\/wp-content\/uploads\/2026\/04\/07.Catalog-2026.pdf&#8220; url_new_window=&#8220;on&#8220; button_text=&#8220;Herunterladen&#8220; button_alignment=&#8220;right&#8220; _builder_version=&#8220;4.27.6&#8243; _module_preset=&#8220;default&#8220; custom_button=&#8220;on&#8220; button_text_size=&#8220;14px&#8220; button_text_color=&#8220;gcid-7aad5963-390c-432d-b89e-f55a43ca9af4&#8243; button_bg_color=&#8220;#FFFFFF&#8220; button_border_width=&#8220;1px&#8220; button_border_color=&#8220;gcid-7aad5963-390c-432d-b89e-f55a43ca9af4&#8243; custom_padding=&#8220;9px|30px|9px|30px|true|true&#8220; hover_enabled=&#8220;0&#8243; global_colors_info=&#8220;{%22gcid-7aad5963-390c-432d-b89e-f55a43ca9af4%22:%91%22button_text_color%22,%22button_border_color%22%93}&#8220; sticky_enabled=&#8220;0&#8243;][\/et_pb_button][\/et_pb_column][et_pb_column type=&#8220;1_4&#8243; _builder_version=&#8220;4.24.3&#8243; _module_preset=&#8220;default&#8220; global_colors_info=&#8220;{}&#8220;][et_pb_image src=&#8220;https:\/\/spc-tooling.ch\/wp-content\/uploads\/2024\/03\/brochure-en-cover.png&#8220; title_text=&#8220;brochure-en-cover&#8220; url=&#8220;https:\/\/spc-tooling.ch\/wp-content\/uploads\/2026\/04\/07.Catalog-2026.pdf&#8220; url_new_window=&#8220;on&#8220; _builder_version=&#8220;4.27.6&#8243; _module_preset=&#8220;default&#8220; hover_enabled=&#8220;0&#8243; global_colors_info=&#8220;{}&#8220; sticky_enabled=&#8220;0&#8243;][\/et_pb_image][\/et_pb_column][et_pb_column type=&#8220;1_4&#8243; _builder_version=&#8220;4.24.3&#8243; _module_preset=&#8220;default&#8220; global_colors_info=&#8220;{}&#8220;][et_pb_image src=&#8220;https:\/\/spc-tooling.ch\/wp-content\/uploads\/2024\/03\/brochure-it-cover.png&#8220; title_text=&#8220;brochure-it-cover&#8220; url=&#8220;https:\/\/spc-tooling.ch\/wp-content\/uploads\/2026\/04\/08.Catalogo-2026.pdf&#8220; url_new_window=&#8220;on&#8220; _builder_version=&#8220;4.27.6&#8243; _module_preset=&#8220;default&#8220; hover_enabled=&#8220;0&#8243; global_colors_info=&#8220;{}&#8220; sticky_enabled=&#8220;0&#8243;][\/et_pb_image][\/et_pb_column][et_pb_column type=&#8220;1_4&#8243; _builder_version=&#8220;4.24.3&#8243; _module_preset=&#8220;default&#8220; global_colors_info=&#8220;{}&#8220;][et_pb_text _builder_version=&#8220;4.25.1&#8243; _module_preset=&#8220;default&#8220; header_3_font_size=&#8220;21px&#8220; custom_margin=&#8220;||2vh||false|false&#8220; locked=&#8220;off&#8220; global_colors_info=&#8220;{}&#8220;]<\/p>\n<h3 style=\"text-align: left;\"><span class=\"lead\">Italienisch<\/span><\/h3>\n<p style=\"text-align: left;\"><span>Laden Sie unseren Katalog auf Italienisch herunter.<\/span><\/p>\n<p>[\/et_pb_text][et_pb_button button_url=&#8220;https:\/\/spc-tooling.ch\/wp-content\/uploads\/2026\/04\/08.Catalogo-2026.pdf&#8220; url_new_window=&#8220;on&#8220; button_text=&#8220;Herunterladen&#8220; button_alignment=&#8220;left&#8220; _builder_version=&#8220;4.27.6&#8243; _module_preset=&#8220;default&#8220; custom_button=&#8220;on&#8220; button_text_size=&#8220;14px&#8220; button_text_color=&#8220;gcid-7aad5963-390c-432d-b89e-f55a43ca9af4&#8243; button_bg_color=&#8220;#FFFFFF&#8220; button_border_width=&#8220;1px&#8220; button_border_color=&#8220;gcid-7aad5963-390c-432d-b89e-f55a43ca9af4&#8243; custom_margin_tablet=&#8220;&#8220; custom_margin_phone=&#8220;||5vh||false|false&#8220; custom_margin_last_edited=&#8220;on|phone&#8220; custom_padding=&#8220;9px|30px|9px|30px|true|true&#8220; hover_enabled=&#8220;0&#8243; locked=&#8220;off&#8220; global_colors_info=&#8220;{%22gcid-7aad5963-390c-432d-b89e-f55a43ca9af4%22:%91%22button_text_color%22,%22button_border_color%22%93}&#8220; sticky_enabled=&#8220;0&#8243;][\/et_pb_button][\/et_pb_column][\/et_pb_row][\/et_pb_section][et_pb_section fb_built=&#8220;1&#8243; _builder_version=&#8220;4.27.6&#8243; _module_preset=&#8220;default&#8220; custom_padding=&#8220;29px||29px||true|&#8220; animation_style=&#8220;flip&#8220; global_colors_info=&#8220;{}&#8220;][et_pb_row column_structure=&#8220;1_2,1_2&#8243; make_equal=&#8220;on&#8220; _builder_version=&#8220;4.27.6&#8243; _module_preset=&#8220;default&#8220; background_color=&#8220;#000000&#8243; width=&#8220;99%&#8220; max_width=&#8220;2560px&#8220; module_alignment=&#8220;center&#8220; custom_padding=&#8220;0px||0px||true|&#8220; border_radii=&#8220;on|45px|45px|45px|45px&#8220; global_colors_info=&#8220;{}&#8220;][et_pb_column type=&#8220;1_2&#8243; _builder_version=&#8220;4.27.6&#8243; _module_preset=&#8220;default&#8220; global_colors_info=&#8220;{}&#8220;][et_pb_text _builder_version=&#8220;4.27.6&#8243; _module_preset=&#8220;default&#8220; header_2_font=&#8220;-et_global_body_font|800|||||||&#8220; header_2_text_color=&#8220;#FFFFFF&#8220; header_2_font_size=&#8220;35px&#8220; custom_margin=&#8220;||1px|||&#8220; custom_padding=&#8220;14vh||3vh|5vw|false|false&#8220; custom_padding_tablet=&#8220;4vh||4vh|2vw|false|false&#8220; custom_padding_phone=&#8220;4vh|2vw|4vh|2vw|false|true&#8220; custom_padding_last_edited=&#8220;on|desktop&#8220; header_2_font_size_tablet=&#8220;25px&#8220; header_2_font_size_phone=&#8220;20px&#8220; header_2_font_size_last_edited=&#8220;on|phone&#8220; global_colors_info=&#8220;{}&#8220;]<\/p>\n<h2 class=\"section-title\">Ben\u00f6tigen Sie einen reaktionsschnellen Partner f\u00fcr Ihre ESCOMATIC\u00ae-Maschinen?<\/h2>\n<p>[\/et_pb_text][et_pb_text _builder_version=&#8220;4.27.6&#8243; _module_preset=&#8220;default&#8220; text_font=&#8220;-et_global_body_font||||||||&#8220; text_text_color=&#8220;#FFFFFF&#8220; text_font_size=&#8220;20px&#8220; link_font=&#8220;||||on||||&#8220; link_text_color=&#8220;#FFFFFF&#8220; header_2_font=&#8220;-et_global_body_font|800|||||||&#8220; header_2_text_color=&#8220;#FFFFFF&#8220; header_2_font_size=&#8220;35px&#8220; custom_padding=&#8220;0vh||1vh|5vw|false|false&#8220; custom_padding_tablet=&#8220;0vh||4vh|2vw|false|false&#8220; custom_padding_phone=&#8220;0vh|2vw|4vh|2vw|false|true&#8220; custom_padding_last_edited=&#8220;on|desktop&#8220; text_font_size_tablet=&#8220;18px&#8220; text_font_size_phone=&#8220;18px&#8220; text_font_size_last_edited=&#8220;on|phone&#8220; header_2_font_size_tablet=&#8220;25px&#8220; header_2_font_size_phone=&#8220;20px&#8220; header_2_font_size_last_edited=&#8220;on|phone&#8220; global_colors_info=&#8220;{}&#8220;]<\/p>\n<p><span>Fordern Sie ein Angebot, eine technische Beratung oder einen <a href=\"https:\/\/spc-tooling.ch\/de\/unser-shop\/\">Katalog<\/a> an, je nachdem, was Sie ben\u00f6tigen.<\/span><\/p>\n<p>[\/et_pb_text][et_pb_button button_url=&#8220;@ET-DC@eyJkeW5hbWljIjp0cnVlLCJjb250ZW50IjoicG9zdF9saW5rX3VybF9wYWdlIiwic2V0dGluZ3MiOnsicG9zdF9pZCI6IjI4OTEwIn19@&#8220; button_text=&#8220;Angebot anfordern&#8220; button_alignment_tablet=&#8220;&#8220; button_alignment_phone=&#8220;center&#8220; button_alignment_last_edited=&#8220;on|phone&#8220; _builder_version=&#8220;4.27.6&#8243; _dynamic_attributes=&#8220;button_url&#8220; _module_preset=&#8220;default&#8220; custom_button=&#8220;on&#8220; button_text_size=&#8220;20px&#8220; button_text_color=&#8220;#FFFFFF&#8220; button_border_width=&#8220;2px&#8220; button_border_color=&#8220;#FFFFFF&#8220; button_border_radius=&#8220;10px&#8220; button_font=&#8220;-et_global_body_font||||||||&#8220; button_use_icon=&#8220;off&#8220; position_origin_a=&#8220;center_center&#8220; custom_margin=&#8220;||5vh|5vw|false|false&#8220; custom_margin_tablet=&#8220;||5vh|2vw|false|false&#8220; custom_margin_phone=&#8220;||4vh||false|false&#8220; custom_margin_last_edited=&#8220;on|phone&#8220; custom_padding=&#8220;1vh|1vw|1vh|1vw|true|true&#8220; button_text_size_tablet=&#8220;20px&#8220; button_text_size_phone=&#8220;18px&#8220; button_text_size_last_edited=&#8220;on|phone&#8220; global_colors_info=&#8220;{}&#8220;][\/et_pb_button][\/et_pb_column][et_pb_column type=&#8220;1_2&#8243; _builder_version=&#8220;4.27.6&#8243; _module_preset=&#8220;default&#8220; background_image=&#8220;https:\/\/spc-tooling.ch\/wp-content\/uploads\/2024\/03\/banner_liste01.jpg&#8220; background_position=&#8220;bottom_right&#8220; global_colors_info=&#8220;{}&#8220;][\/et_pb_column][\/et_pb_row][\/et_pb_section]<\/p>\n","protected":false},"excerpt":{"rendered":"<p>SPC TOOLING Ihr ESCOMATIC\u00ae-Spezialist Katalog Verf\u00fcgbar in 4 SprachenFranz\u00f6sisch Laden Sie unseren Katalog auf Franz\u00f6sisch herunter.Deutsch Laden Sie unseren Katalog auf Deutsch herunter.Englisch Laden Sie unseren Katalog auf Englisch herunter.Italienisch Laden Sie unseren Katalog auf Italienisch herunter.Ben\u00f6tigen Sie einen reaktionsschnellen Partner f\u00fcr Ihre ESCOMATIC\u00ae-Maschinen?Fordern Sie ein Angebot, eine technische Beratung oder einen Katalog an, je [&hellip;]<\/p>\n","protected":false},"author":1,"featured_media":0,"parent":0,"menu_order":0,"comment_status":"closed","ping_status":"closed","template":"","meta":{"_et_pb_use_builder":"on","_et_pb_old_content":"","_et_gb_content_width":"","footnotes":""},"class_list":["post-161490","page","type-page","status-publish","hentry"],"yoast_head":"<!-- This site is optimized with the Yoast SEO plugin v27.4 - https:\/\/yoast.com\/product\/yoast-seo-wordpress\/ -->\n<title>Katalog - SPC Tooling<\/title>\n<meta name=\"description\" content=\"Laden Sie unseren Katalog herunter, der in 4 Sprachen verf\u00fcgbar ist: Deutsch, Englisch, Italienisch und Franz\u00f6sisch\" \/>\n<meta name=\"robots\" content=\"index, follow, max-snippet:-1, max-image-preview:large, max-video-preview:-1\" \/>\n<link rel=\"canonical\" href=\"https:\/\/spc-tooling.ch\/de\/katalog\/\" \/>\n<meta property=\"og:locale\" content=\"de_DE\" \/>\n<meta property=\"og:type\" content=\"article\" \/>\n<meta property=\"og:title\" content=\"Katalog - SPC Tooling\" \/>\n<meta property=\"og:description\" content=\"Laden Sie unseren Katalog herunter, der in 4 Sprachen verf\u00fcgbar ist: Deutsch, Englisch, Italienisch und Franz\u00f6sisch\" \/>\n<meta property=\"og:url\" content=\"https:\/\/spc-tooling.ch\/de\/katalog\/\" \/>\n<meta property=\"og:site_name\" content=\"SPC Tooling\" \/>\n<meta property=\"article:modified_time\" content=\"2026-04-27T09:07:25+00:00\" \/>\n<meta name=\"twitter:card\" content=\"summary_large_image\" \/>\n<meta name=\"twitter:label1\" content=\"Gesch\u00e4tzte Lesezeit\" \/>\n\t<meta name=\"twitter:data1\" content=\"10\u00a0Minute\" \/>\n<script type=\"application\/ld+json\" class=\"yoast-schema-graph\">{\"@context\":\"https:\\\/\\\/schema.org\",\"@graph\":[{\"@type\":\"WebPage\",\"@id\":\"https:\\\/\\\/spc-tooling.ch\\\/de\\\/katalog\\\/\",\"url\":\"https:\\\/\\\/spc-tooling.ch\\\/de\\\/katalog\\\/\",\"name\":\"Katalog - SPC Tooling\",\"isPartOf\":{\"@id\":\"https:\\\/\\\/spc-tooling.ch\\\/de\\\/#website\"},\"datePublished\":\"2024-04-02T08:40:38+00:00\",\"dateModified\":\"2026-04-27T09:07:25+00:00\",\"description\":\"Laden Sie unseren Katalog herunter, der in 4 Sprachen verf\u00fcgbar ist: Deutsch, Englisch, Italienisch und Franz\u00f6sisch\",\"breadcrumb\":{\"@id\":\"https:\\\/\\\/spc-tooling.ch\\\/de\\\/katalog\\\/#breadcrumb\"},\"inLanguage\":\"de\",\"potentialAction\":[{\"@type\":\"ReadAction\",\"target\":[\"https:\\\/\\\/spc-tooling.ch\\\/de\\\/katalog\\\/\"]}]},{\"@type\":\"BreadcrumbList\",\"@id\":\"https:\\\/\\\/spc-tooling.ch\\\/de\\\/katalog\\\/#breadcrumb\",\"itemListElement\":[{\"@type\":\"ListItem\",\"position\":1,\"name\":\"Accueil\",\"item\":\"https:\\\/\\\/spc-tooling.ch\\\/de\\\/\"},{\"@type\":\"ListItem\",\"position\":2,\"name\":\"Katalog\"}]},{\"@type\":\"WebSite\",\"@id\":\"https:\\\/\\\/spc-tooling.ch\\\/de\\\/#website\",\"url\":\"https:\\\/\\\/spc-tooling.ch\\\/de\\\/\",\"name\":\"SPC Tooling\",\"description\":\"\",\"potentialAction\":[{\"@type\":\"SearchAction\",\"target\":{\"@type\":\"EntryPoint\",\"urlTemplate\":\"https:\\\/\\\/spc-tooling.ch\\\/de\\\/?s={search_term_string}\"},\"query-input\":{\"@type\":\"PropertyValueSpecification\",\"valueRequired\":true,\"valueName\":\"search_term_string\"}}],\"inLanguage\":\"de\"}]}<\/script>\n<!-- \/ Yoast SEO plugin. -->","yoast_head_json":{"title":"Katalog - SPC Tooling","description":"Laden Sie unseren Katalog herunter, der in 4 Sprachen verf\u00fcgbar ist: Deutsch, Englisch, Italienisch und Franz\u00f6sisch","robots":{"index":"index","follow":"follow","max-snippet":"max-snippet:-1","max-image-preview":"max-image-preview:large","max-video-preview":"max-video-preview:-1"},"canonical":"https:\/\/spc-tooling.ch\/de\/katalog\/","og_locale":"de_DE","og_type":"article","og_title":"Katalog - SPC Tooling","og_description":"Laden Sie unseren Katalog herunter, der in 4 Sprachen verf\u00fcgbar ist: Deutsch, Englisch, Italienisch und Franz\u00f6sisch","og_url":"https:\/\/spc-tooling.ch\/de\/katalog\/","og_site_name":"SPC Tooling","article_modified_time":"2026-04-27T09:07:25+00:00","twitter_card":"summary_large_image","twitter_misc":{"Gesch\u00e4tzte Lesezeit":"10\u00a0Minute"},"schema":{"@context":"https:\/\/schema.org","@graph":[{"@type":"WebPage","@id":"https:\/\/spc-tooling.ch\/de\/katalog\/","url":"https:\/\/spc-tooling.ch\/de\/katalog\/","name":"Katalog - SPC Tooling","isPartOf":{"@id":"https:\/\/spc-tooling.ch\/de\/#website"},"datePublished":"2024-04-02T08:40:38+00:00","dateModified":"2026-04-27T09:07:25+00:00","description":"Laden Sie unseren Katalog herunter, der in 4 Sprachen verf\u00fcgbar ist: Deutsch, Englisch, Italienisch und Franz\u00f6sisch","breadcrumb":{"@id":"https:\/\/spc-tooling.ch\/de\/katalog\/#breadcrumb"},"inLanguage":"de","potentialAction":[{"@type":"ReadAction","target":["https:\/\/spc-tooling.ch\/de\/katalog\/"]}]},{"@type":"BreadcrumbList","@id":"https:\/\/spc-tooling.ch\/de\/katalog\/#breadcrumb","itemListElement":[{"@type":"ListItem","position":1,"name":"Accueil","item":"https:\/\/spc-tooling.ch\/de\/"},{"@type":"ListItem","position":2,"name":"Katalog"}]},{"@type":"WebSite","@id":"https:\/\/spc-tooling.ch\/de\/#website","url":"https:\/\/spc-tooling.ch\/de\/","name":"SPC Tooling","description":"","potentialAction":[{"@type":"SearchAction","target":{"@type":"EntryPoint","urlTemplate":"https:\/\/spc-tooling.ch\/de\/?s={search_term_string}"},"query-input":{"@type":"PropertyValueSpecification","valueRequired":true,"valueName":"search_term_string"}}],"inLanguage":"de"}]}},"_links":{"self":[{"href":"https:\/\/spc-tooling.ch\/de\/wp-json\/wp\/v2\/pages\/161490","targetHints":{"allow":["GET"]}}],"collection":[{"href":"https:\/\/spc-tooling.ch\/de\/wp-json\/wp\/v2\/pages"}],"about":[{"href":"https:\/\/spc-tooling.ch\/de\/wp-json\/wp\/v2\/types\/page"}],"author":[{"embeddable":true,"href":"https:\/\/spc-tooling.ch\/de\/wp-json\/wp\/v2\/users\/1"}],"replies":[{"embeddable":true,"href":"https:\/\/spc-tooling.ch\/de\/wp-json\/wp\/v2\/comments?post=161490"}],"version-history":[{"count":12,"href":"https:\/\/spc-tooling.ch\/de\/wp-json\/wp\/v2\/pages\/161490\/revisions"}],"predecessor-version":[{"id":163491,"href":"https:\/\/spc-tooling.ch\/de\/wp-json\/wp\/v2\/pages\/161490\/revisions\/163491"}],"wp:attachment":[{"href":"https:\/\/spc-tooling.ch\/de\/wp-json\/wp\/v2\/media?parent=161490"}],"curies":[{"name":"wp","href":"https:\/\/api.w.org\/{rel}","templated":true}]}}